{"id":342,"date":"2025-01-26T19:59:10","date_gmt":"2025-01-26T19:59:10","guid":{"rendered":"https:\/\/www.classelavalenciana.es\/?page_id=342"},"modified":"2025-01-26T21:14:42","modified_gmt":"2025-01-26T21:14:42","slug":"impulsores-del-proyecto","status":"publish","type":"page","link":"https:\/\/www.classelavalenciana.es\/index.php\/impulsores-del-proyecto\/","title":{"rendered":"Impulsores del Proyecto"},"content":{"rendered":"<p>[et_pb_section fb_built=\u00bb1&#8243; admin_label=\u00bbsection\u00bb _builder_version=\u00bb4.16&#8243; global_colors_info=\u00bb{}\u00bb][et_pb_row admin_label=\u00bbrow\u00bb _builder_version=\u00bb4.16&#8243; background_size=\u00bbinitial\u00bb background_position=\u00bbtop_left\u00bb background_repeat=\u00bbrepeat\u00bb global_colors_info=\u00bb{}\u00bb][et_pb_column type=\u00bb4_4&#8243; _builder_version=\u00bb4.16&#8243; custom_padding=\u00bb|||\u00bb global_colors_info=\u00bb{}\u00bb custom_padding__hover=\u00bb|||\u00bb][et_pb_text admin_label=\u00bbText\u00bb _builder_version=\u00bb4.27.4&#8243; background_size=\u00bbinitial\u00bb background_position=\u00bbtop_left\u00bb background_repeat=\u00bbrepeat\u00bb animation_style=\u00bbslide\u00bb animation_delay=\u00bb1850ms\u00bb hover_enabled=\u00bb0&#8243; global_colors_info=\u00bb{}\u00bb sticky_enabled=\u00bb0&#8243;]<\/p>\n<div class=\"et_pb_module et_pb_text et_pb_text_17 et_pb_text_align_left et_pb_bg_layout_dark et_had_animation\">\n<div class=\"et_pb_text_inner\">\n<h1 class=\"et_pb_module_header\"><strong><span style=\"color: #000000;\">Impulsores del proyecto<\/span><\/strong><\/h1>\n<h3><span style=\"color: #000000;\"><strong>Nuestros miembros de Honor:<\/strong><\/span><\/h3>\n<p><span style=\"color: #000000;\"><strong>Paco Linares:<\/strong>\u00a0Capit\u00e1n de Remolcador retirado. Nieto del patr\u00f3n y propietario de la Barca Valenciana \u201cFlor de Mayo\u201d de la novela de Blasco Iba\u00f1ez y de las pinturas de Sorolla.<\/span><\/p>\n<p><span style=\"color: #000000;\">De familia de Calafates, Paco Linares a restaurado para la Diputaci\u00f3n de Valencia la Barca Valenciana \u201cGermanes Gallart\u201d del Cabanyal.<\/span><\/p>\n<p><span style=\"color: #000000;\">Ha realizado los planos de la reproducci\u00f3n de la \u201cFlor de Mayo\u201d (se extraviaron), y maquetas de la misma.<\/span><\/p>\n<p><span style=\"color: #000000;\">Ha donado m\u00e1s de 400 herramientas de su familia, para fabricar de barcos a la Diputaci\u00f3n.<\/span><\/p>\n<p><span style=\"color: #000000;\">Es testigo vivo, y ha participado en \u00a0la actividad de construcci\u00f3n de embarcaciones del Cabanyal, en la vida marinera, en las costumbres, an\u00e9cdotas, y en\u00a0 aquella vida que describi\u00f3 Blasco Iba\u00f1ez y pint\u00f3 Sorolla.<\/span><\/p>\n<p><span style=\"color: #000000;\">Por eso no lo queremos perder, y queremos plasmar su memoria y sus conocimientos, para que las generaciones venideras, sean testigos de la historia y no desaparezca la navegaci\u00f3n vela Latina.<\/span><\/p>\n<p style=\"text-align: center;\"><span style=\"color: #000000;\"><img loading=\"lazy\" decoding=\"async\" src=\"https:\/\/www.classelavalenciana.es\/wp-content\/uploads\/2025\/01\/IMG_20230523_121151-1024x768.jpg\" width=\"1024\" height=\"768\" alt=\"\" class=\"wp-image-324 alignnone size-large\" srcset=\"https:\/\/www.classelavalenciana.es\/wp-content\/uploads\/2025\/01\/IMG_20230523_121151-980x735.jpg 980w, https:\/\/www.classelavalenciana.es\/wp-content\/uploads\/2025\/01\/IMG_20230523_121151-480x360.jpg 480w\" sizes=\"(min-width: 0px) and (max-width: 480px) 480px, (min-width: 481px) and (max-width: 980px) 980px, (min-width: 981px) 1024px, 100vw\" \/>\u00a0<\/span><\/p>\n<p><span style=\"color: #000000;\"><strong>RAFA NOGUERA SANCHIS, cirujano, fundador de la Asociaci\u00f3n de Vela Latina del Palmar y uno de los fundadores de la Federaci\u00f3n Cultural Valenciana de Vela Latina (Albufera de Valencia).\u00a0 Experto estudioso de las costumbres Valencianas relacionadas con la Vela Latina, cuya investigaci\u00f3n est\u00e1 plasmando en un libro pr\u00f3ximo a su publicaci\u00f3n, es uno de los documentalistas m\u00e1s importantes de nuestra asociaci\u00f3n.<\/strong><\/span><\/p>\n<p><span style=\"color: #000000;\"><strong>ANTONIO L\u00d3PEZ, Abogado, amante de la navegaci\u00f3n a vela, impulsor del proyecto de Calificaci\u00f3n de la Vela Latina de Valencia en la Albufera fuera reconocida como B.I.C adem\u00e1s de iniciar un proyecto de escanear las embarcaciones centenarias y clasificarlas, rodeado de un magnifico equipo, Como:\u00a0 Pep Morella, Pep Chaqu\u00e9s, Francesc Ferrer, Robert Andreu Ramon Ibor, Emili Alba y gran numero de miembros de las asociaciones que conforman la Federaci\u00f3n Cultural de vela Latina de Valencia.<\/strong><\/span><\/p>\n<p><span style=\"color: #000000;\"><strong>Para poder atacar este proyecto han hecho falta muchas manos y mucho esfuerzo que desde esta pagina queremos agradecer a todos los que han cre\u00eddo en este proyecto, en mayor o menor medida y han contribuido que a d\u00eda de hoy Enero del 2025 el proyecto de la Valenciana sea una realidad.<\/strong><\/span><\/p>\n<p><span style=\"color: #000000;\"><strong>Para dar forma al proyecto tuvimos que crear una asociaci\u00f3n cultural y deportiva como es \u00abAsociaci\u00f3n Cultural y Deportiva Vela Llatina de Valencia Segle XXI\u00bb<\/strong><\/span><\/p>\n<p><span style=\"color: #000000;\"><strong>Actualmente representada por:<\/strong><\/span><\/p>\n<p><span style=\"color: #000000;\"><strong>Presidente: Rafel Chirivella Blanes\u00a0<\/strong><\/span><\/p>\n<p><span style=\"color: #000000;\"><strong>Secretario; Vicente Chirivella Blanes<\/strong><\/span><\/p>\n<p><span style=\"color: #000000;\"><strong>Tesorero; Roberto Andreu Solaz<\/strong><\/span><\/p>\n<p><span style=\"color: #000000;\"><strong>Vocal 1\u00ba; Federico P\u00e9rez,<\/strong><\/span><\/p>\n<p><span style=\"color: #000000;\"><strong>Vocal de Formaci\u00f3n Bego\u00f1a Alday Llano\u00a0\u00a0<\/strong><\/span><\/p>\n<p><span style=\"color: #000000;\"><strong>Una Asociaci\u00f3n con mas 35 Socios entre Numerarios Deportivos.\u00a0 \u00a0 \u00a0 \u00a0 \u00a0<\/strong><\/span><\/p>\n<p><span style=\"color: #000000;\">\u00a0<\/span><\/p>\n<p><span style=\"color: #000000;\">\u00a0<\/span><\/p>\n<\/div>\n<\/div>\n<p>[\/et_pb_text][\/et_pb_column][\/et_pb_row][\/et_pb_section]<\/p>\n","protected":false},"excerpt":{"rendered":"<p>Impulsores del proyecto Nuestros miembros de Honor: Paco Linares:\u00a0Capit\u00e1n de Remolcador retirado. Nieto del patr\u00f3n y propietario de la Barca Valenciana \u201cFlor de Mayo\u201d de la novela de Blasco Iba\u00f1ez y de las pinturas de Sorolla. De familia de Calafates, Paco Linares a restaurado para la Diputaci\u00f3n de Valencia la Barca Valenciana \u201cGermanes Gallart\u201d del [&hellip;]<\/p>\n","protected":false},"author":3,"featured_media":0,"parent":0,"menu_order":0,"comment_status":"closed","ping_status":"closed","template":"","meta":{"_et_pb_use_builder":"on","_et_pb_old_content":"<div class=\"et_pb_module et_pb_text et_pb_text_17 et_pb_text_align_left et_pb_bg_layout_dark et_had_animation\">\r\n<div class=\"et_pb_text_inner\">\r\n<h1><strong>Proyecto:<\/strong><\/h1>\r\n<h3><strong>Nuestros miembros de Honor:<\/strong><\/h3>\r\n<strong>Paco Linares:<\/strong>\u00a0Capit\u00e1n de Remolcador retirado. Nieto del patr\u00f3n y propietario de la Barca Valenciana \u201cFlor de Mayo\u201d de la novela de Blasco Iba\u00f1ez y de las pinturas de Sorolla.\r\n\r\nDe familia de Calafates, Paco Linares a restaurado para la Diputaci\u00f3n de Valencia la Barca Valenciana \u201cGermanes Gallart\u201d del Cabanyal.\r\n\r\nHa realizado los planos de la reproducci\u00f3n de la \u201cFlor de Mayo\u201d (se extraviaron), y maquetas de la misma.\r\n\r\nHa donado m\u00e1s de 400 herramientas de su familia, para fabricar de barcos a la Diputaci\u00f3n.\r\n\r\nEs testigo vivo, y ha participado en \u00a0la actividad de construcci\u00f3n de embarcaciones del Cabanyal, en la vida marinera, en las costumbres, an\u00e9cdotas, y en\u00a0 aquella vida que describi\u00f3 Blasco Iba\u00f1ez y pint\u00f3 Sorolla.\r\n\r\nPor eso no lo queremos perder, y queremos plasmar su memoria y sus conocimientos, para que las generaciones venideras, sean testigos de la historia y no desaparezca la navegaci\u00f3n vela Latina.\r\n\r\n<img class=\"size-medium wp-image-324 aligncenter\" src=\"https:\/\/www.classelavalenciana.es\/wp-content\/uploads\/2025\/01\/IMG_20230523_121151-300x225.jpg\" alt=\"\" width=\"300\" height=\"225\" \/>\r\n\r\n<strong>RAFA NOGUERA SANCHIS, cirujano, fundador de la Asociaci\u00f3n de Vela Latina del Palmar y uno de los fundadores de la Federaci\u00f3n Cultural Valenciana de Vela Latina (Albufera de Valencia).\u00a0 Experto estudioso de las costumbres Valencianas relacionadas con la Vela Latina, cuya investigaci\u00f3n est\u00e1 plasmando en un libro pr\u00f3ximo a su publicaci\u00f3n, es uno de los documentalistas m\u00e1s importantes de nuestra asociaci\u00f3n.<\/strong>\r\n\r\n<strong>ANTONIO L\u00d3PEZ, Abogado, amante de la navegaci\u00f3n a vela, impulsor del proyecto de Calificaci\u00f3n de la Vela Latina de Valencia en la Albufera fuera reconocida como B.I.C adem\u00e1s de iniciar un proyecto de escanear las embarcaciones centenarias y clasificarlas, rodeado de un magnifico equipo, Como:\u00a0 Pep Morella, Pep Chaqu\u00e9s, Francesc Ferrer, Robert Andreu Ramon Ibor, Emili Alba y gran numero de miembros de las asociaciones que conforman la Federaci\u00f3n Cultural de vela Latina de Valencia.<\/strong>\r\n\r\n<strong>Para poder atacar este proyecto han hecho falta muchas manos y mucho esfuerzo que desde esta pagina queremos agradecer a todos los que han cre\u00eddo en este proyecto, en mayor o menor medida y han contribuido que a d\u00eda de hoy Enero del 2025 el proyecto de la Valenciana sea una realidad.<\/strong>\r\n\r\n<strong>Para dar forma al proyecto tuvimos que crear una asociaci\u00f3n cultural y deportiva como es \"Asociaci\u00f3n Cultural y Deportiva Vela Llatina de Valencia Segle XXI\"<\/strong>\r\n\r\n<strong>Actualmente representada por:<\/strong>\r\n\r\n<strong>Presidente: Rafel Chirivella Blanes\u00a0<\/strong>\r\n\r\n<strong>Secretario; Vicente Chirivella Blanes<\/strong>\r\n\r\n<strong>Tesorero; Roberto Andreu Solaz<\/strong>\r\n\r\n<strong>Vocal 1\u00ba; Federico P\u00e9rez,<\/strong>\r\n\r\n<strong>Vocal de Formaci\u00f3n Bego\u00f1a Alday Llano\u00a0\u00a0<\/strong>\r\n\r\n<strong>Una Asociaci\u00f3n con mas 35 Socios entre Numerarios Deportivos.\u00a0 \u00a0 \u00a0 \u00a0 \u00a0<\/strong>\r\n\r\n&nbsp;\r\n\r\n&nbsp;\r\n\r\n<\/div>\r\n<\/div>","_et_gb_content_width":"","footnotes":""},"class_list":["post-342","page","type-page","status-publish","hentry"],"_links":{"self":[{"href":"https:\/\/www.classelavalenciana.es\/index.php\/wp-json\/wp\/v2\/pages\/342","targetHints":{"allow":["GET"]}}],"collection":[{"href":"https:\/\/www.classelavalenciana.es\/index.php\/wp-json\/wp\/v2\/pages"}],"about":[{"href":"https:\/\/www.classelavalenciana.es\/index.php\/wp-json\/wp\/v2\/types\/page"}],"author":[{"embeddable":true,"href":"https:\/\/www.classelavalenciana.es\/index.php\/wp-json\/wp\/v2\/users\/3"}],"replies":[{"embeddable":true,"href":"https:\/\/www.classelavalenciana.es\/index.php\/wp-json\/wp\/v2\/comments?post=342"}],"version-history":[{"count":5,"href":"https:\/\/www.classelavalenciana.es\/index.php\/wp-json\/wp\/v2\/pages\/342\/revisions"}],"predecessor-version":[{"id":350,"href":"https:\/\/www.classelavalenciana.es\/index.php\/wp-json\/wp\/v2\/pages\/342\/revisions\/350"}],"wp:attachment":[{"href":"https:\/\/www.classelavalenciana.es\/index.php\/wp-json\/wp\/v2\/media?parent=342"}],"curies":[{"name":"wp","href":"https:\/\/api.w.org\/{rel}","templated":true}]}}